{"id":21,"date":"2022-02-13T19:12:34","date_gmt":"2022-02-13T17:12:34","guid":{"rendered":"http:\/\/warum-lesen.de\/?page_id=21"},"modified":"2022-02-16T20:15:25","modified_gmt":"2022-02-16T18:15:25","slug":"warum-lesen","status":"publish","type":"page","link":"https:\/\/warum-lesen.de\/","title":{"rendered":"Warum Lesen"},"content":{"rendered":"\n<p class=\"has-text-color\" style=\"color:#ac4811\"><strong>Reisen in Raum und Zeit<\/strong><\/p>\n\n\n\n<p>Seit vielen Jahren bin ich ein Fan des Doctors und seiner TARDIS. Die Eingeweihten wissen nun Bescheid. Die Uneingeweihten haben das Gl\u00fcck, noch eine gro\u00dfe Geschichte vor sich zu haben und sollten sich nun klassischerweise fragen: Doctor Wer? Und da die Antwort in der britischen BBC zu verorten ist, hei\u00dft die Antwort: Doctor Who, der in seiner TARDIS reist. TARDIS ist die Abk\u00fcrzung f\u00fcr &#8222;Time And Relative Dimensions In Space&#8220;: ein Transportmittel, mit dem der oder die geheimnisvolle au\u00dferirdische Zeitreisende &#8211; ein Timelord, eine Timelady &#8211; mitsamt Begleiter:innen durch Raum und Zeit reist. Aufgrund eines technischen Defekts in der Tarnvorrichtung sieht die TARDIS von au\u00dfen wie eine alte englische Polizei-Notrufzelle aus und sie hat die wundervolle Eigenschaft, von innen viel gr\u00f6\u00dfer zu sein als von au\u00dfen. Ich werde dazu nicht viel erkl\u00e4ren: die M\u00f6glichkeiten sich zu informieren sind hier ja nur einen Klick entfernt.&nbsp;<\/p>\n\n\n\n<p>Irgendwann wurde mir dann aber bewu\u00dft, dass auch ich selbst schon fast mein ganzes Leben lang&nbsp; eine Reisende in Raum und Zeit bin und mit Schiffen reise, die von au\u00dfen viel kleiner sind als von innen.&nbsp;<\/p>\n\n\n\n<p>Begonnen hat alles bereits lange vor der Grundschulzeit, als ich noch nicht lesen konnte und unsere Mutter uns abends vor dem Schlafengehen mitnahm in die finsteren W\u00e4lder, in denen die alte Hexe in ihrem Knusperh\u00e4uschen sa\u00df, zu Kalif Storch oder dem kleinen Muck.<\/p>\n\n\n\n<p>Seitdem bin ich schon viele tausende Mal gereist: aber Vorsicht! Man kommt von keiner Reise unver\u00e4ndert zur\u00fcck.&nbsp;<\/p>\n","protected":false},"excerpt":{"rendered":"<p>Reisen in Raum und Zeit Seit vielen Jahren bin ich ein Fan des Doctors und seiner TARDIS. Die Eingeweihten wissen nun Bescheid. Die Uneingeweihten haben das Gl\u00fcck, noch eine gro\u00dfe Geschichte vor sich zu haben und sollten sich nun klassischerweise fragen: Doctor Wer? Und da die Antwort in der britischen<\/p>\n","protected":false},"author":1,"featured_media":0,"parent":0,"menu_order":0,"comment_status":"closed","ping_status":"closed","template":"","meta":{"footnotes":""},"class_list":["post-21","page","type-page","status-publish","hentry"],"_links":{"self":[{"href":"https:\/\/warum-lesen.de\/index.php?rest_route=\/wp\/v2\/pages\/21","targetHints":{"allow":["GET"]}}],"collection":[{"href":"https:\/\/warum-lesen.de\/index.php?rest_route=\/wp\/v2\/pages"}],"about":[{"href":"https:\/\/warum-lesen.de\/index.php?rest_route=\/wp\/v2\/types\/page"}],"author":[{"embeddable":true,"href":"https:\/\/warum-lesen.de\/index.php?rest_route=\/wp\/v2\/users\/1"}],"replies":[{"embeddable":true,"href":"https:\/\/warum-lesen.de\/index.php?rest_route=%2Fwp%2Fv2%2Fcomments&post=21"}],"version-history":[{"count":5,"href":"https:\/\/warum-lesen.de\/index.php?rest_route=\/wp\/v2\/pages\/21\/revisions"}],"predecessor-version":[{"id":74,"href":"https:\/\/warum-lesen.de\/index.php?rest_route=\/wp\/v2\/pages\/21\/revisions\/74"}],"wp:attachment":[{"href":"https:\/\/warum-lesen.de\/index.php?rest_route=%2Fwp%2Fv2%2Fmedia&parent=21"}],"curies":[{"name":"wp","href":"https:\/\/api.w.org\/{rel}","templated":true}]}}